{"id":326,"date":"2021-11-26T11:59:35","date_gmt":"2021-11-26T08:59:35","guid":{"rendered":"https:\/\/kozmetikkongresi.org\/general-information\/committees\/"},"modified":"2026-04-03T09:45:45","modified_gmt":"2026-04-03T06:45:45","slug":"committees","status":"publish","type":"page","link":"https:\/\/kozmetikkongresi.org\/en\/general-information\/committees\/","title":{"rendered":"Committees"},"content":{"rendered":"\n<p><\/p>\n\n<div class=\"wp-block-getwid-section alignfull alignfull has-inner-blocks-gap-none getwid-margin-top-none getwid-margin-bottom-none getwid-section-content-custom-width\"><div class=\"wp-block-getwid-section__wrapper getwid-padding-top-none getwid-padding-bottom-medium\"><div class=\"wp-block-getwid-section__inner-wrapper\" style=\"max-width:210px\"><div class=\"wp-block-getwid-section__background-holder\"><div class=\"wp-block-getwid-section__background\"><\/div><div class=\"wp-block-getwid-section__foreground\"><\/div><\/div><div class=\"wp-block-getwid-section__content\"><div class=\"wp-block-getwid-section__inner-content\">\n<div class=\"wp-block-columns has-4-columns is-layout-flex wp-container-core-columns-is-layout-28f84493 wp-block-columns-is-layout-flex\">\n<div class=\"wp-block-column is-layout-flow wp-block-column-is-layout-flow\">\n<div class=\"wp-block-getwid-person is-image-cropped\">\r\n<div class=\"wp-block-getwid-person__image\"><img loading=\"lazy\" decoding=\"async\" width=\"252\" height=\"300\" class=\"wp-image-2423\" src=\"https:\/\/kozmetikkongresi.org\/wp-content\/uploads\/sefa-karta-252x300.jpg\" srcset=\"https:\/\/kozmetikkongresi.org\/wp-content\/uploads\/sefa-karta-252x300.jpg 252w, https:\/\/kozmetikkongresi.org\/wp-content\/uploads\/sefa-karta-126x150.jpg 126w, https:\/\/kozmetikkongresi.org\/wp-content\/uploads\/sefa-karta-768x916.jpg 768w, https:\/\/kozmetikkongresi.org\/wp-content\/uploads\/sefa-karta.jpg 858w\" sizes=\"auto, (max-width: 252px) 100vw, 252px\" \/><\/div>\r\n<div class=\"wp-block-getwid-person__content-wrapper\"><span class=\"wp-block-getwid-person__title\">A. Sefa <strong>KARTA<\/strong><\/span><span class=\"wp-block-getwid-person__subtitle\"><strong>Kongre Ba\u015fkan\u0131<\/strong><\/span><\/div>\r\n<\/div>\n<\/div>\n<\/div>\n<\/div><\/div><\/div><\/div><\/div>\n\n<div class=\"wp-block-getwid-section alignfull alignfull getwid-margin-top-none getwid-margin-bottom-none getwid-section-content-custom-width\"><div class=\"wp-block-getwid-section__wrapper getwid-padding-top-none getwid-padding-bottom-none\"><div class=\"wp-block-getwid-section__inner-wrapper\" style=\"max-width:500px\"><div class=\"wp-block-getwid-section__background-holder\"><div class=\"wp-block-getwid-section__background\"><\/div><div class=\"wp-block-getwid-section__foreground\"><\/div><\/div><div class=\"wp-block-getwid-section__content\"><div class=\"wp-block-getwid-section__inner-content\">\n<div class=\"wp-block-columns has-4-columns is-layout-flex wp-container-core-columns-is-layout-28f84493 wp-block-columns-is-layout-flex\">\n<div class=\"wp-block-column is-layout-flow wp-block-column-is-layout-flow\">\n<div class=\"wp-block-getwid-person is-image-cropped\">\r\n<div class=\"wp-block-getwid-person__image\"><img loading=\"lazy\" decoding=\"async\" width=\"300\" height=\"300\" class=\"wp-image-2425\" src=\"https:\/\/kozmetikkongresi.org\/wp-content\/uploads\/nazan-alpaydin-300x300.jpg\" srcset=\"https:\/\/kozmetikkongresi.org\/wp-content\/uploads\/nazan-alpaydin-300x300.jpg 300w, https:\/\/kozmetikkongresi.org\/wp-content\/uploads\/nazan-alpaydin-150x150.jpg 150w, https:\/\/kozmetikkongresi.org\/wp-content\/uploads\/nazan-alpaydin.jpg 642w\" sizes=\"auto, (max-width: 300px) 100vw, 300px\" \/><\/div>\r\n<div class=\"wp-block-getwid-person__content-wrapper\"><span class=\"wp-block-getwid-person__title\">Prof. Dr. Nazan <strong>APAYDIN DEM\u0130R<\/strong><\/span><span class=\"wp-block-getwid-person__subtitle\"><strong>Kongre Ba\u015fkan Yrd.<\/strong><\/span><\/div>\r\n<\/div>\n<\/div>\n\n\n\n<div class=\"wp-block-column is-layout-flow wp-block-column-is-layout-flow\">\n<div class=\"wp-block-getwid-person is-image-cropped\">\r\n<div class=\"wp-block-getwid-person__image\"><img loading=\"lazy\" decoding=\"async\" width=\"182\" height=\"178\" class=\"wp-image-2428\" src=\"https:\/\/kozmetikkongresi.org\/wp-content\/uploads\/tahir-gunkara.avif\" srcset=\"https:\/\/kozmetikkongresi.org\/wp-content\/uploads\/tahir-gunkara.avif 182w, https:\/\/kozmetikkongresi.org\/wp-content\/uploads\/tahir-gunkara-150x147.avif 150w\" sizes=\"auto, (max-width: 182px) 100vw, 182px\" \/><\/div>\r\n<div class=\"wp-block-getwid-person__content-wrapper\"><span class=\"wp-block-getwid-person__title\">Prof. Dr. \u00d6mer Tahir <strong>G\u00dcNKARA<\/strong><\/span><span class=\"wp-block-getwid-person__subtitle\"><strong>Kongre Ba\u015fkan Yrd.<\/strong><\/span><\/div>\r\n<\/div>\n<\/div>\n<\/div>\n<\/div><\/div><\/div><\/div><\/div>\n\n<div style=\"height:32px\" aria-hidden=\"true\" class=\"wp-block-spacer\"><\/div>\n\n<figure class=\"wp-block-table is-style-stripes\" style=\"margin-left:0px\"><table class=\"has-border-color has-fixed-layout\" style=\"border-color:#ffffff00\"><tbody><tr><td><strong>Congress Secretary<\/strong><\/td><td>P\u0131nar <strong>UNAT<\/strong><\/td><\/tr><tr><td><strong>Scientific Coordinators<\/strong><\/td><td><\/td><\/tr><tr><td><strong>Congress Coordinators<\/strong><\/td><td>\u0130kram <strong>CENG\u0130Z<\/strong>, Chairman of the Chemists Association<\/td><\/tr><\/tbody><\/table><\/figure>\n\n<div style=\"height:32px\" aria-hidden=\"true\" class=\"wp-block-spacer\"><\/div>\n\n<figure class=\"wp-block-table is-style-stripes\" style=\"margin-left:0px\"><table class=\"has-border-color has-fixed-layout\" style=\"border-color:#ffffff00\"><tbody><tr><td colspan=\"2\"><strong>ORGANIZATION COMMITTEE<\/strong><\/td><\/tr><tr><td>Ahmet Altu\u011f O\u011eUZ<\/td><td>Trigonium\u00a0<\/td><\/tr><tr><td>Abdullah\u00a0KARATA\u015e<\/td><td>Auran Cosmetic<\/td><\/tr><tr><td>\u00c7a\u011fla BABU\u00c7<\/td><td>YKS Esans<\/td><\/tr><tr><td>Dr. Orhan Mutlu TOPAL<\/td><td>Emre Ecza\u00a0<\/td><\/tr><tr><td>Kadir\u00a0DAMAR<\/td><td>Bebak Cosmetic<\/td><\/tr><tr><td>Adem \u00d6DEKBA\u015e<\/td><td>TTS Laboratuvar\u0131<\/td><\/tr><tr><td>Adil KAYA<\/td><td>Atabay \u0130la\u00e7<\/td><\/tr><tr><td>\u0130brahim\u00a0\u015eAH\u0130N<\/td><td>Naturalya Chemistry<\/td><\/tr><tr><td>Nihal\u00a0OCAK<\/td><td>Emirgan Cosmetic<\/td><\/tr><tr><td>P\u0131nar UNAT<\/td><td>Redoks Analitik Cihazlar A.\u015e.<\/td><\/tr><\/tbody><\/table><\/figure>\n\n<div style=\"height:32px\" aria-hidden=\"true\" class=\"wp-block-spacer\"><\/div>\n\n<figure class=\"wp-block-table is-style-stripes\" style=\"margin-left:0px\"><table class=\"has-border-color has-fixed-layout\" style=\"border-color:#ffffff00\"><tbody><tr><td colspan=\"2\"><strong>SCIENTIFIC COMMITTEE<\/strong><\/td><\/tr><tr><td>Prof. Dr. Ramazan Altunda\u015f<\/td><td>Gebze Teknik \u00dcniversitesi<\/td><\/tr><tr><td>Prof. Dr. Ya\u015far Demir<\/td><td>Mu\u011fla S\u0131tk\u0131 Ko\u00e7man \u00dcniversitesi<\/td><\/tr><tr><td>Prof. Dr. Naz Zeynep Atay G\u00f6k<\/td><td>Bo\u011fazi\u00e7i \u00dcniversitesi<\/td><\/tr><tr><td>Prof. Dr. Hayrunnisa Nadaro\u011flu<\/td><td>Atat\u00fcrk University<\/td><\/tr><tr><td>Prof. Dr. Aliye Altunda\u015f<\/td><td>Gazi \u00dcniversitesi<\/td><\/tr><tr><td>Prof. Dr. Nurdan Sara\u00e7<\/td><td>Mu\u011fla S\u0131tk\u0131 Ko\u00e7man \u00dcniversitesi<\/td><\/tr><tr><td>Prof. Dr. Nermin \u015eim\u015fek Ku\u015f<\/td><td>Mersin University<\/td><\/tr><tr><td>Prof. Dr. Azize Alayl\u0131<\/td><td>Sakarya Sa\u011fl\u0131k Bilimleri \u00dcniversitesi<\/td><\/tr><tr><td>Prof. Dr. Kaan K\u00fc\u00e7\u00fcko\u011flu<\/td><td>Sel\u00e7uk \u00dcniversitesi<\/td><\/tr><tr><td>Prof. Dr. Zehra Can<\/td><td>Bayburt \u00dcniversitesi<\/td><\/tr><tr><td>Prof. Dr. Sinan Akg\u00f6l<\/td><td>Ege University<\/td><\/tr><tr><td>Prof. Dr. Esen Ta\u015f\u011f\u0131n<\/td><td>Atat\u00fcrk University<\/td><\/tr><tr><td>Prof. Dr. Ferhan T\u00fcmer<\/td><td>Manas \u00dcniversitesi<\/td><\/tr><tr><td>Do\u00e7. Dr. Alevcan Kaplan<\/td><td>Batman \u00dcniversitesi<\/td><\/tr><tr><td>Do\u00e7. Dr. Koray Ka\u00e7an<\/td><td>Mu\u011fla S\u0131tk\u0131 Ko\u00e7man \u00dcniversitesi<\/td><\/tr><tr><td>Dr. \u00d6\u011fr. \u00dcyesi Fatih U\u00e7kaya<\/td><td>Alanya Alaaddin Keykubat \u00dcniversitesi<\/td><\/tr><\/tbody><\/table><\/figure>\n\n<div style=\"height:32px\" aria-hidden=\"true\" class=\"wp-block-spacer\"><\/div>\n\n<p><\/p>\n","protected":false},"excerpt":{"rendered":"<p>Congress Secretary P\u0131nar UNAT Scientific Coordinators Congress Coordinators \u0130kram CENG\u0130Z, Chairman of the Chemists Association ORGANIZATION COMMITTEE Ahmet Altu\u011f O\u011eUZ Trigonium\u00a0 Abdullah\u00a0KARATA\u015e Auran Cosmetic \u00c7a\u011fla BABU\u00c7 YKS Esans Dr. Orhan Mutlu TOPAL Emre Ecza\u00a0 Kadir\u00a0DAMAR Bebak Cosmetic Adem \u00d6DEKBA\u015e TTS Laboratuvar\u0131 Adil KAYA Atabay \u0130la\u00e7 \u0130brahim\u00a0\u015eAH\u0130N Naturalya Chemistry Nihal\u00a0OCAK Emirgan Cosmetic P\u0131nar UNAT Redoks Analitik [&hellip;]<\/p>\n","protected":false},"author":1,"featured_media":0,"parent":324,"menu_order":0,"comment_status":"closed","ping_status":"closed","template":"","meta":{"_uag_custom_page_level_css":"","site-sidebar-layout":"default","site-content-layout":"default","ast-site-content-layout":"default","site-content-style":"default","site-sidebar-style":"default","ast-global-header-display":"","ast-banner-title-visibility":"","ast-main-header-display":"","ast-hfb-above-header-display":"","ast-hfb-below-header-display":"","ast-hfb-mobile-header-display":"","site-post-title":"","ast-breadcrumbs-content":"disabled","ast-featured-img":"","footer-sml-layout":"","ast-disable-related-posts":"","theme-transparent-header-meta":"","adv-header-id-meta":"","stick-header-meta":"","header-above-stick-meta":"","header-main-stick-meta":"","header-below-stick-meta":"","astra-migrate-meta-layouts":"set","ast-page-background-enabled":"default","ast-page-background-meta":{"desktop":{"background-color":"var(--ast-global-color-4)","background-image":"","background-repeat":"repeat","background-position":"center center","background-size":"auto","background-attachment":"scroll","background-type":"","background-media":"","overlay-type":"","overlay-color":"","overlay-opacity":"","overlay-gradient":""},"tablet":{"background-color":"","background-image":"","background-repeat":"repeat","background-position":"center center","background-size":"auto","background-attachment":"scroll","background-type":"","background-media":"","overlay-type":"","overlay-color":"","overlay-opacity":"","overlay-gradient":""},"mobile":{"background-color":"","background-image":"","background-repeat":"repeat","background-position":"center center","background-size":"auto","background-attachment":"scroll","background-type":"","background-media":"","overlay-type":"","overlay-color":"","overlay-opacity":"","overlay-gradient":""}},"ast-content-background-meta":{"desktop":{"background-color":"var(--ast-global-color-5)","background-image":"","background-repeat":"repeat","background-position":"center center","background-size":"auto","background-attachment":"scroll","background-type":"","background-media":"","overlay-type":"","overlay-color":"","overlay-opacity":"","overlay-gradient":""},"tablet":{"background-color":"var(--ast-global-color-5)","background-image":"","background-repeat":"repeat","background-position":"center center","background-size":"auto","background-attachment":"scroll","background-type":"","background-media":"","overlay-type":"","overlay-color":"","overlay-opacity":"","overlay-gradient":""},"mobile":{"background-color":"var(--ast-global-color-5)","background-image":"","background-repeat":"repeat","background-position":"center center","background-size":"auto","background-attachment":"scroll","background-type":"","background-media":"","overlay-type":"","overlay-color":"","overlay-opacity":"","overlay-gradient":""}},"footnotes":""},"class_list":["post-326","page","type-page","status-publish","hentry"],"uagb_featured_image_src":{"full":false,"thumbnail":false,"medium":false,"medium_large":false,"large":false,"1536x1536":false,"2048x2048":false},"uagb_author_info":{"display_name":"Kozmetik Kongresi","author_link":"https:\/\/kozmetikkongresi.org\/en\/author\/kozmetik_admin\/"},"uagb_comment_info":0,"uagb_excerpt":"Congress Secretary P\u0131nar UNAT Scientific Coordinators Congress Coordinators \u0130kram CENG\u0130Z, Chairman of the Chemists Association ORGANIZATION COMMITTEE Ahmet Altu\u011f O\u011eUZ Trigonium\u00a0 Abdullah\u00a0KARATA\u015e Auran Cosmetic \u00c7a\u011fla BABU\u00c7 YKS Esans Dr. Orhan Mutlu TOPAL Emre Ecza\u00a0 Kadir\u00a0DAMAR Bebak Cosmetic Adem \u00d6DEKBA\u015e TTS Laboratuvar\u0131 Adil KAYA Atabay \u0130la\u00e7 \u0130brahim\u00a0\u015eAH\u0130N Naturalya Chemistry Nihal\u00a0OCAK Emirgan Cosmetic P\u0131nar UNAT Redoks Analitik&hellip;","_links":{"self":[{"href":"https:\/\/kozmetikkongresi.org\/en\/wp-json\/wp\/v2\/pages\/326","targetHints":{"allow":["GET"]}}],"collection":[{"href":"https:\/\/kozmetikkongresi.org\/en\/wp-json\/wp\/v2\/pages"}],"about":[{"href":"https:\/\/kozmetikkongresi.org\/en\/wp-json\/wp\/v2\/types\/page"}],"author":[{"embeddable":true,"href":"https:\/\/kozmetikkongresi.org\/en\/wp-json\/wp\/v2\/users\/1"}],"replies":[{"embeddable":true,"href":"https:\/\/kozmetikkongresi.org\/en\/wp-json\/wp\/v2\/comments?post=326"}],"version-history":[{"count":0,"href":"https:\/\/kozmetikkongresi.org\/en\/wp-json\/wp\/v2\/pages\/326\/revisions"}],"up":[{"embeddable":true,"href":"https:\/\/kozmetikkongresi.org\/en\/wp-json\/wp\/v2\/pages\/324"}],"wp:attachment":[{"href":"https:\/\/kozmetikkongresi.org\/en\/wp-json\/wp\/v2\/media?parent=326"}],"curies":[{"name":"wp","href":"https:\/\/api.w.org\/{rel}","templated":true}]}}