{"id":323,"date":"2021-11-26T11:46:46","date_gmt":"2021-11-26T08:46:46","guid":{"rendered":"https:\/\/kozmetikkongresi.org\/communication\/"},"modified":"2025-11-06T19:39:39","modified_gmt":"2025-11-06T16:39:39","slug":"communication","status":"publish","type":"page","link":"https:\/\/kozmetikkongresi.org\/en\/communication\/","title":{"rendered":"Communication"},"content":{"rendered":"\n<div style=\"height:45px\" aria-hidden=\"true\" class=\"wp-block-spacer\"><\/div>\n\n<div class=\"wp-block-columns is-layout-flex wp-container-core-columns-is-layout-28f84493 wp-block-columns-is-layout-flex\">\n<div class=\"wp-block-column is-layout-flow wp-block-column-is-layout-flow\">\n<h5 class=\"wp-block-heading\"><strong>Communication<\/strong><\/h5>\n\n\n\n<p><a href=\"mailto:kozmetik@kimyager.org\" target=\"_blank\" rel=\"noreferrer noopener\">kozmetik@kimyager.org<\/a><\/p>\n\n\n\n<h5 class=\"wp-block-heading\"><strong>Congress General Secretariat<\/strong><\/h5>\n\n\n\n<p><strong>P\u0131nar UNAT&#13;\n<\/strong>Tel:\u00a0<a href=\"tel:+905313380866\">0 531 338 08 66<\/a><\/p>\n<\/div>\n\n\n\n<div class=\"wp-block-column is-layout-flow wp-block-column-is-layout-flow\">\n<h5 class=\"wp-block-heading\"><strong>Congress Center<\/strong><\/h5>\n\n\n\n<p><strong><a href=\"https:\/\/deluxe.sueno.com.tr\/\"><em>Sueno Hotels Deluxe Belek<\/em>, ANTALYA<\/a><\/strong><\/p>\n\n\n\n<h5 class=\"wp-block-heading\"><strong>Chemists Society<\/strong><\/h5>\n\n\n\n<p>Atat\u00fcrk Bulvar\u0131 \u0130kitelli OSB Giyim Sanatkarlar\u0131 Sitesi 2. Ada B Blok Kat:6 No:604\/1 Ba\u015fak\u015fehir 34490 \u0130STANBUL<\/p>\n<\/div>\n<\/div>\n\t\t\t<div \n\t\t\tclass=\"wp-block-uagb-google-map uagb-google-map__wrap uagb-block-d2edd6a6     \"\n\t\t\tstyle=\"\" >\n\t\t\t\t<embed\n\t\t\t\t\tclass=\"uagb-google-map__iframe\"\n\t\t\t\t\ttitle=\"Google Map for \"\n\t\t\t\t\tsrc=\"https:\/\/maps.google.com\/maps?q=Sueno%20Hotels%20Deluxe%20Belek%2C%20ANTALYA&#038;z=15&#038;hl=tr&#038;t=m&#038;output=embed&#038;iwloc=near\"\n\t\t\t\t\twidth=\"640\"\n\t\t\t\t\theight=\"400\"\n\t\t\t\t\tloading=\"lazy\"\n\t\t\t\t><\/embed>\n\t\t\t<\/div>\n\t\t\t","protected":false},"excerpt":{"rendered":"<p>Communication kozmetik@kimyager.org Congress General Secretariat P\u0131nar UNAT&#13; Tel:\u00a00 531 338 08 66 Congress Center Sueno Hotels Deluxe Belek, ANTALYA Chemists Society Atat\u00fcrk Bulvar\u0131 \u0130kitelli OSB Giyim Sanatkarlar\u0131 Sitesi 2. Ada B Blok Kat:6 No:604\/1 Ba\u015fak\u015fehir 34490 \u0130STANBUL<\/p>\n","protected":false},"author":1,"featured_media":0,"parent":0,"menu_order":0,"comment_status":"closed","ping_status":"closed","template":"","meta":{"_uag_custom_page_level_css":"","site-sidebar-layout":"no-sidebar","site-content-layout":"plain-container","ast-site-content-layout":"default","site-content-style":"default","site-sidebar-style":"unboxed","ast-global-header-display":"","ast-banner-title-visibility":"","ast-main-header-display":"","ast-hfb-above-header-display":"","ast-hfb-below-header-display":"","ast-hfb-mobile-header-display":"","site-post-title":"","ast-breadcrumbs-content":"disabled","ast-featured-img":"","footer-sml-layout":"","ast-disable-related-posts":"","theme-transparent-header-meta":"default","adv-header-id-meta":"","stick-header-meta":"default","header-above-stick-meta":"","header-main-stick-meta":"","header-below-stick-meta":"","astra-migrate-meta-layouts":"default","ast-page-background-enabled":"default","ast-page-background-meta":{"desktop":{"background-color":"var(--ast-global-color-4)","background-image":"","background-repeat":"repeat","background-position":"center center","background-size":"auto","background-attachment":"scroll","background-type":"","background-media":"","overlay-type":"","overlay-color":"","overlay-opacity":"","overlay-gradient":""},"tablet":{"background-color":"","background-image":"","background-repeat":"repeat","background-position":"center center","background-size":"auto","background-attachment":"scroll","background-type":"","background-media":"","overlay-type":"","overlay-color":"","overlay-opacity":"","overlay-gradient":""},"mobile":{"background-color":"","background-image":"","background-repeat":"repeat","background-position":"center center","background-size":"auto","background-attachment":"scroll","background-type":"","background-media":"","overlay-type":"","overlay-color":"","overlay-opacity":"","overlay-gradient":""}},"ast-content-background-meta":{"desktop":{"background-color":"var(--ast-global-color-5)","background-image":"","background-repeat":"repeat","background-position":"center center","background-size":"auto","background-attachment":"scroll","background-type":"","background-media":"","overlay-type":"","overlay-color":"","overlay-opacity":"","overlay-gradient":""},"tablet":{"background-color":"var(--ast-global-color-5)","background-image":"","background-repeat":"repeat","background-position":"center center","background-size":"auto","background-attachment":"scroll","background-type":"","background-media":"","overlay-type":"","overlay-color":"","overlay-opacity":"","overlay-gradient":""},"mobile":{"background-color":"var(--ast-global-color-5)","background-image":"","background-repeat":"repeat","background-position":"center center","background-size":"auto","background-attachment":"scroll","background-type":"","background-media":"","overlay-type":"","overlay-color":"","overlay-opacity":"","overlay-gradient":""}},"footnotes":""},"class_list":["post-323","page","type-page","status-publish","hentry"],"uagb_featured_image_src":{"full":false,"thumbnail":false,"medium":false,"medium_large":false,"large":false,"1536x1536":false,"2048x2048":false},"uagb_author_info":{"display_name":"Kozmetik Kongresi","author_link":"https:\/\/kozmetikkongresi.org\/en\/author\/kozmetik_admin\/"},"uagb_comment_info":0,"uagb_excerpt":"Communication kozmetik@kimyager.org Congress General Secretariat P\u0131nar UNAT&#13; Tel:\u00a00 531 338 08 66 Congress Center Sueno Hotels Deluxe Belek, ANTALYA Chemists Society Atat\u00fcrk Bulvar\u0131 \u0130kitelli OSB Giyim Sanatkarlar\u0131 Sitesi 2. Ada B Blok Kat:6 No:604\/1 Ba\u015fak\u015fehir 34490 \u0130STANBUL","_links":{"self":[{"href":"https:\/\/kozmetikkongresi.org\/en\/wp-json\/wp\/v2\/pages\/323","targetHints":{"allow":["GET"]}}],"collection":[{"href":"https:\/\/kozmetikkongresi.org\/en\/wp-json\/wp\/v2\/pages"}],"about":[{"href":"https:\/\/kozmetikkongresi.org\/en\/wp-json\/wp\/v2\/types\/page"}],"author":[{"embeddable":true,"href":"https:\/\/kozmetikkongresi.org\/en\/wp-json\/wp\/v2\/users\/1"}],"replies":[{"embeddable":true,"href":"https:\/\/kozmetikkongresi.org\/en\/wp-json\/wp\/v2\/comments?post=323"}],"version-history":[{"count":0,"href":"https:\/\/kozmetikkongresi.org\/en\/wp-json\/wp\/v2\/pages\/323\/revisions"}],"wp:attachment":[{"href":"https:\/\/kozmetikkongresi.org\/en\/wp-json\/wp\/v2\/media?parent=323"}],"curies":[{"name":"wp","href":"https:\/\/api.w.org\/{rel}","templated":true}]}}