{"id":2159,"date":"2024-12-31T10:01:54","date_gmt":"2024-12-31T07:01:54","guid":{"rendered":"https:\/\/kozmetikkongresi.org\/innovative-cosmetics-project-application\/"},"modified":"2024-12-31T10:01:54","modified_gmt":"2024-12-31T07:01:54","slug":"innovative-cosmetics-project-application","status":"publish","type":"page","link":"https:\/\/kozmetikkongresi.org\/en\/innovative-cosmetics-project-application\/","title":{"rendered":"Innovative Cosmetics Project Application"},"content":{"rendered":"\n<div class=\"wp-block-uagb-image uagb-block-985d6f47 wp-block-uagb-image--layout-default wp-block-uagb-image--effect-static wp-block-uagb-image--align-none\"><figure class=\"wp-block-uagb-image__figure\"><img decoding=\"async\" srcset=\"https:\/\/kozmetikkongresi.org\/wp-content\/uploads\/yenilikci-kozmetik-1-1024x580.jpg ,https:\/\/kozmetikkongresi.org\/wp-content\/uploads\/yenilikci-kozmetik-1-scaled.jpg 780w, https:\/\/kozmetikkongresi.org\/wp-content\/uploads\/yenilikci-kozmetik-1-scaled.jpg 360w\" sizes=\"auto, (max-width: 480px) 150px\" src=\"https:\/\/kozmetikkongresi.org\/wp-content\/uploads\/yenilikci-kozmetik-1-1024x580.jpg\" alt=\"\" class=\"uag-image-2068\" width=\"1024\" height=\"536\" title=\"yenilikci-kozmetik\" loading=\"lazy\" role=\"img\"\/><\/figure><\/div>\r\n\n<p><strong>Cosmetics Congress is looking for innovative projects in the sector<\/strong><\/p>\n\n<p>If you think that the product you have introduced to the market in the last two years has brought innovation* to the sector, apply by filling out the form below. 6 successful products and presentation posters, which will be selected by the evaluation board consisting of industry professionals and academicians, will be exhibited at the &#8220;INNOVATIVE COSMETIC&#8221; stand during the Cosmetics Congress.<\/p>\n\n<p><span style=\"color: #ff0000;\">Application Deadline: January 20, 2025<\/span><\/p>\n\n<p><mark class=\"has-inline-color\" style=\"background-color: rgba(0, 0, 0, 0); color: #ff0000;\">*<\/mark>Innovation evaluation areas:<\/p>\n\n<ul class=\"wp-block-list\">\n<li>Understanding consumer needs, providing benefits to consumers<\/li>\n\n\n\n<li>formula development<\/li>\n\n\n\n<li>concept design<\/li>\n\n\n\n<li>packaging design<\/li>\n\n\n\n<li>benefit protected by patent or utility model registration<\/li>\n\n\n\n<li>consumer communication<\/li>\n<\/ul>\n\n<p>CATEGORIES: All personal care and personal cleaning products that are packaged and contain formulas<\/p>\n\n<p><strong>\u201cINNOVATIVE COSMETIC\u201d PROJECT APPLICATION FORM<\/strong><\/p>\n\n<div class=\"wp-block-contact-form-7-contact-form-selector\">\n<div class=\"wpcf7 no-js\" id=\"wpcf7-f1563-o1\" lang=\"tr-TR\" dir=\"ltr\" data-wpcf7-id=\"1563\">\n<div class=\"screen-reader-response\"><p role=\"status\" aria-live=\"polite\" aria-atomic=\"true\"><\/p> <ul><\/ul><\/div>\n<form action=\"\/en\/wp-json\/wp\/v2\/pages\/2159#wpcf7-f1563-o1\" method=\"post\" class=\"wpcf7-form init\" aria-label=\"\u0130leti\u015fim Formu\" enctype=\"multipart\/form-data\" novalidate=\"novalidate\" data-status=\"init\">\n<fieldset class=\"hidden-fields-container\"><input type=\"hidden\" name=\"_wpcf7\" value=\"1563\" \/><input type=\"hidden\" name=\"_wpcf7_version\" value=\"6.1.4\" \/><input type=\"hidden\" name=\"_wpcf7_locale\" value=\"tr_TR\" \/><input type=\"hidden\" name=\"_wpcf7_unit_tag\" value=\"wpcf7-f1563-o1\" \/><input type=\"hidden\" name=\"_wpcf7_container_post\" value=\"0\" \/><input type=\"hidden\" name=\"_wpcf7_posted_data_hash\" value=\"\" \/>\n<\/fieldset>\n<p><label> \u015eirket \u0130smi (gerekli)<br \/>\n<span class=\"wpcf7-form-control-wrap\" data-name=\"sirket-ismi\"><input size=\"40\" maxlength=\"60\" class=\"wpcf7-form-control wpcf7-text wpcf7-validates-as-required\" aria-required=\"true\" aria-invalid=\"false\" value=\"\" type=\"text\" name=\"sirket-ismi\" \/><\/span><span class=\"wpcf7-character-count down\" data-target-name=\"sirket-ismi\" data-starting-value=\"60\" data-current-value=\"60\" data-maximum-value=\"60\">60<\/span><br \/>\n<\/label>\n<\/p>\n<p><label> \u00dcr\u00fcn\u00fcn Markas\u0131 (gerekli)<br \/>\n<span class=\"wpcf7-form-control-wrap\" data-name=\"urun-marka\"><input size=\"40\" maxlength=\"60\" class=\"wpcf7-form-control wpcf7-text wpcf7-validates-as-required\" aria-required=\"true\" aria-invalid=\"false\" value=\"\" type=\"text\" name=\"urun-marka\" \/><\/span><span class=\"wpcf7-character-count down\" data-target-name=\"urun-marka\" data-starting-value=\"60\" data-current-value=\"60\" data-maximum-value=\"60\">60<\/span><br \/>\n<\/label>\n<\/p>\n<p><label> \u00dcr\u00fcn \u0130smi \/ Tan\u0131m\u0131 \/ Konsepti (gerekli)<br \/>\n<span class=\"wpcf7-form-control-wrap\" data-name=\"urun-ismi\"><textarea cols=\"40\" rows=\"10\" maxlength=\"100\" class=\"wpcf7-form-control wpcf7-textarea wpcf7-validates-as-required\" aria-required=\"true\" aria-invalid=\"false\" placeholder=\"en fazla 100 karakter\" name=\"urun-ismi\"><\/textarea><\/span><span class=\"wpcf7-character-count down\" data-target-name=\"urun-ismi\" data-starting-value=\"100\" data-current-value=\"100\" data-maximum-value=\"100\">100<\/span><br \/>\n<\/label>\n<\/p>\n<p><label> \u00dcr\u00fcn\u00fcn Lansman Tarihi (gerekli)<br \/>\n<span class=\"wpcf7-form-control-wrap\" data-name=\"urun-lansman-tarihi\"><input size=\"40\" maxlength=\"400\" class=\"wpcf7-form-control wpcf7-text wpcf7-validates-as-required\" aria-required=\"true\" aria-invalid=\"false\" placeholder=\"Ay\/Y\u0131l olarak giriniz\" value=\"\" type=\"text\" name=\"urun-lansman-tarihi\" \/><\/span><br \/>\n<\/label>\n<\/p>\n<p><label> \u00dcr\u00fcndeki yenilik tan\u0131m\u0131 (gerekli)<br \/>\n<span class=\"wpcf7-form-control-wrap\" data-name=\"urun-yenilik-tanimi\"><textarea cols=\"40\" rows=\"10\" maxlength=\"200\" class=\"wpcf7-form-control wpcf7-textarea wpcf7-validates-as-required\" aria-required=\"true\" aria-invalid=\"false\" placeholder=\"en fazla 200 karakter\" name=\"urun-yenilik-tanimi\"><\/textarea><\/span><span class=\"wpcf7-character-count down\" data-target-name=\"urun-yenilik-tanimi\" data-starting-value=\"200\" data-current-value=\"200\" data-maximum-value=\"200\">200<\/span><br \/>\n<\/label>\n<\/p>\n<p><label> \u00dcr\u00fcndeki yenili\u011fin t\u00fcketiciye faydas\u0131 (gerekli)<br \/>\n<span class=\"wpcf7-form-control-wrap\" data-name=\"urun-yenilik-fayda\"><textarea cols=\"40\" rows=\"10\" maxlength=\"200\" class=\"wpcf7-form-control wpcf7-textarea wpcf7-validates-as-required\" aria-required=\"true\" aria-invalid=\"false\" placeholder=\"en fazla 200 karakter\" name=\"urun-yenilik-fayda\"><\/textarea><\/span><span class=\"wpcf7-character-count down\" data-target-name=\"urun-yenilik-fayda\" data-starting-value=\"200\" data-current-value=\"200\" data-maximum-value=\"200\">200<\/span><br \/>\n<\/label>\n<\/p>\n<p><label> Bu faydan\u0131n nas\u0131l sa\u011fland\u0131\u011f\u0131 (tasar\u0131m \u00f6zellikleri, geli\u015ftirilen form\u00fcl vs.) (gerekli)<br \/>\n<span class=\"wpcf7-form-control-wrap\" data-name=\"urun-fayda-nasil\"><textarea cols=\"40\" rows=\"10\" maxlength=\"200\" class=\"wpcf7-form-control wpcf7-textarea wpcf7-validates-as-required\" aria-required=\"true\" aria-invalid=\"false\" placeholder=\"en fazla 200 karakter\" name=\"urun-fayda-nasil\"><\/textarea><\/span><span class=\"wpcf7-character-count down\" data-target-name=\"urun-fayda-nasil\" data-starting-value=\"200\" data-current-value=\"200\" data-maximum-value=\"200\">200<\/span><br \/>\n<\/label>\n<\/p>\n<p><label> \u00dcr\u00fcn form\u00fcl bilgisi (arka etiket \u00fcst\u00fcndeki bilgi)<br \/>\n<span class=\"wpcf7-form-control-wrap\" data-name=\"urun-formul-bilgi\"><textarea cols=\"40\" rows=\"10\" maxlength=\"400\" class=\"wpcf7-form-control wpcf7-textarea\" aria-invalid=\"false\" placeholder=\"en fazla 400 karakter\" name=\"urun-formul-bilgi\"><\/textarea><\/span><span class=\"wpcf7-character-count down\" data-target-name=\"urun-formul-bilgi\" data-starting-value=\"400\" data-current-value=\"400\" data-maximum-value=\"400\">400<\/span><br \/>\n<\/label>\n<\/p>\n<p><label> Web sayfas\u0131<br \/>\n<span class=\"wpcf7-form-control-wrap\" data-name=\"web-sayfasi\"><input size=\"40\" maxlength=\"400\" class=\"wpcf7-form-control wpcf7-url wpcf7-text wpcf7-validates-as-url\" aria-invalid=\"false\" value=\"\" type=\"url\" name=\"web-sayfasi\" \/><\/span><br \/>\n<\/label>\n<\/p>\n<p><label> \u0130leti\u015fim \/ reklam materyalinin linki<br \/>\n<span class=\"wpcf7-form-control-wrap\" data-name=\"iletisim-link\"><input size=\"40\" maxlength=\"400\" class=\"wpcf7-form-control wpcf7-url wpcf7-text wpcf7-validates-as-url\" aria-invalid=\"false\" value=\"\" type=\"url\" name=\"iletisim-link\" \/><\/span><br \/>\n<\/label>\n<\/p>\n<p><label> E-Posta (gerekli)<br \/>\n<span class=\"wpcf7-form-control-wrap\" data-name=\"e-posta\"><input size=\"40\" maxlength=\"400\" class=\"wpcf7-form-control wpcf7-email wpcf7-validates-as-required wpcf7-text wpcf7-validates-as-email\" aria-required=\"true\" aria-invalid=\"false\" value=\"\" type=\"email\" name=\"e-posta\" \/><\/span> <\/label>\n<\/p>\n<p><label> Telefon (gerekli)<br \/>\n<span class=\"wpcf7-form-control-wrap\" data-name=\"telefon\"><input size=\"40\" maxlength=\"400\" class=\"wpcf7-form-control wpcf7-tel wpcf7-validates-as-required wpcf7-text wpcf7-validates-as-tel\" aria-required=\"true\" aria-invalid=\"false\" value=\"\" type=\"tel\" name=\"telefon\" \/><\/span> <\/label>\n<\/p>\n<p><label> \u00dcr\u00fcn G\u00f6rseli 1<br \/>\n<span class=\"wpcf7-form-control-wrap\" data-name=\"urun-gorseli-1\"><input size=\"40\" class=\"wpcf7-form-control wpcf7-file\" accept=\".pdf,.gif,.jpg,.jpeg,.png\" aria-invalid=\"false\" type=\"file\" name=\"urun-gorseli-1\" \/><\/span> <\/label>\n<\/p>\n<p><label> \u00dcr\u00fcn G\u00f6rseli 2<br \/>\n<span class=\"wpcf7-form-control-wrap\" data-name=\"urun-gorseli-2\"><input size=\"40\" class=\"wpcf7-form-control wpcf7-file\" accept=\".pdf,.gif,.jpg,.jpeg,.png\" aria-invalid=\"false\" type=\"file\" name=\"urun-gorseli-2\" \/><\/span> <\/label>\n<\/p>\n<p><label> \u00dcr\u00fcn G\u00f6rseli 3<br \/>\n<span class=\"wpcf7-form-control-wrap\" data-name=\"urun-gorseli-3\"><input size=\"40\" class=\"wpcf7-form-control wpcf7-file\" accept=\".pdf,.gif,.jpg,.jpeg,.png\" aria-invalid=\"false\" type=\"file\" name=\"urun-gorseli-3\" \/><\/span> <\/label>\n<\/p>\n<p><span class=\"wpcf7-form-control-wrap\" data-name=\"kabul\"><span class=\"wpcf7-form-control wpcf7-acceptance\"><span class=\"wpcf7-list-item\"><label><input type=\"checkbox\" name=\"kabul\" value=\"1\" aria-invalid=\"false\" \/><span class=\"wpcf7-list-item-label\">\u015eirketim ad\u0131na payla\u015ft\u0131\u011f\u0131m bilgilerin do\u011frulu\u011funu taahh\u00fct ederim.<\/span><\/label><\/span><\/span><\/span>\n<\/p>\n<p><label> Ba\u015fvuru yapan ki\u015fi<br \/>\n<span class=\"wpcf7-form-control-wrap\" data-name=\"basvuru-yapan\"><input size=\"40\" maxlength=\"400\" class=\"wpcf7-form-control wpcf7-text wpcf7-validates-as-required\" aria-required=\"true\" aria-invalid=\"false\" value=\"\" type=\"text\" name=\"basvuru-yapan\" \/><\/span><br \/>\n<\/label>\n<\/p>\n<p><input class=\"wpcf7-form-control wpcf7-submit has-spinner\" type=\"submit\" value=\"Ba\u015fvuru Formunu G\u00f6nder\" \/>\n<\/p><div class=\"wpcf7-response-output\" aria-hidden=\"true\"><\/div>\n<\/form>\n<\/div>\n<\/div>\r\n","protected":false},"excerpt":{"rendered":"<p>Cosmetics Congress is looking for innovative projects in the sector If you think that the product you have introduced to the market in the last two years has brought innovation* to the sector, apply by filling out the form below. 6 successful products and presentation posters, which will be selected by the evaluation board consisting [&hellip;]<\/p>\n","protected":false},"author":1,"featured_media":0,"parent":0,"menu_order":0,"comment_status":"closed","ping_status":"closed","template":"","meta":{"_uag_custom_page_level_css":"","site-sidebar-layout":"default","site-content-layout":"","ast-site-content-layout":"default","site-content-style":"default","site-sidebar-style":"default","ast-global-header-display":"","ast-banner-title-visibility":"","ast-main-header-display":"","ast-hfb-above-header-display":"","ast-hfb-below-header-display":"","ast-hfb-mobile-header-display":"","site-post-title":"","ast-breadcrumbs-content":"","ast-featured-img":"","footer-sml-layout":"","ast-disable-related-posts":"","theme-transparent-header-meta":"","adv-header-id-meta":"","stick-header-meta":"","header-above-stick-meta":"","header-main-stick-meta":"","header-below-stick-meta":"","astra-migrate-meta-layouts":"default","ast-page-background-enabled":"default","ast-page-background-meta":{"desktop":{"background-color":"var(--ast-global-color-4)","background-image":"","background-repeat":"repeat","background-position":"center center","background-size":"auto","background-attachment":"scroll","background-type":"","background-media":"","overlay-type":"","overlay-color":"","overlay-opacity":"","overlay-gradient":""},"tablet":{"background-color":"","background-image":"","background-repeat":"repeat","background-position":"center center","background-size":"auto","background-attachment":"scroll","background-type":"","background-media":"","overlay-type":"","overlay-color":"","overlay-opacity":"","overlay-gradient":""},"mobile":{"background-color":"","background-image":"","background-repeat":"repeat","background-position":"center center","background-size":"auto","background-attachment":"scroll","background-type":"","background-media":"","overlay-type":"","overlay-color":"","overlay-opacity":"","overlay-gradient":""}},"ast-content-background-meta":{"desktop":{"background-color":"var(--ast-global-color-5)","background-image":"","background-repeat":"repeat","background-position":"center center","background-size":"auto","background-attachment":"scroll","background-type":"","background-media":"","overlay-type":"","overlay-color":"","overlay-opacity":"","overlay-gradient":""},"tablet":{"background-color":"var(--ast-global-color-5)","background-image":"","background-repeat":"repeat","background-position":"center center","background-size":"auto","background-attachment":"scroll","background-type":"","background-media":"","overlay-type":"","overlay-color":"","overlay-opacity":"","overlay-gradient":""},"mobile":{"background-color":"var(--ast-global-color-5)","background-image":"","background-repeat":"repeat","background-position":"center center","background-size":"auto","background-attachment":"scroll","background-type":"","background-media":"","overlay-type":"","overlay-color":"","overlay-opacity":"","overlay-gradient":""}},"footnotes":""},"class_list":["post-2159","page","type-page","status-publish","hentry"],"uagb_featured_image_src":{"full":false,"thumbnail":false,"medium":false,"medium_large":false,"large":false,"1536x1536":false,"2048x2048":false},"uagb_author_info":{"display_name":"Kozmetik Kongresi","author_link":"https:\/\/kozmetikkongresi.org\/en\/author\/kozmetik_admin\/"},"uagb_comment_info":0,"uagb_excerpt":"Cosmetics Congress is looking for innovative projects in the sector If you think that the product you have introduced to the market in the last two years has brought innovation* to the sector, apply by filling out the form below. 6 successful products and presentation posters, which will be selected by the evaluation board consisting&hellip;","_links":{"self":[{"href":"https:\/\/kozmetikkongresi.org\/en\/wp-json\/wp\/v2\/pages\/2159","targetHints":{"allow":["GET"]}}],"collection":[{"href":"https:\/\/kozmetikkongresi.org\/en\/wp-json\/wp\/v2\/pages"}],"about":[{"href":"https:\/\/kozmetikkongresi.org\/en\/wp-json\/wp\/v2\/types\/page"}],"author":[{"embeddable":true,"href":"https:\/\/kozmetikkongresi.org\/en\/wp-json\/wp\/v2\/users\/1"}],"replies":[{"embeddable":true,"href":"https:\/\/kozmetikkongresi.org\/en\/wp-json\/wp\/v2\/comments?post=2159"}],"version-history":[{"count":0,"href":"https:\/\/kozmetikkongresi.org\/en\/wp-json\/wp\/v2\/pages\/2159\/revisions"}],"wp:attachment":[{"href":"https:\/\/kozmetikkongresi.org\/en\/wp-json\/wp\/v2\/media?parent=2159"}],"curies":[{"name":"wp","href":"https:\/\/api.w.org\/{rel}","templated":true}]}}